{"id":5379,"date":"2022-05-10T11:54:13","date_gmt":"2022-05-10T09:54:13","guid":{"rendered":"https:\/\/dishcovery.biz\/thank-you-page-home\/"},"modified":"2022-09-26T16:57:25","modified_gmt":"2022-09-26T14:57:25","slug":"thank-you-page-home","status":"publish","type":"page","link":"https:\/\/dishcovery.biz\/sq\/thank-you-page-home\/","title":{"rendered":"Thank You Page Home"},"content":{"rendered":"\t\t<div data-elementor-type=\"wp-page\" data-elementor-id=\"5379\" class=\"elementor elementor-5379 elementor-1620\">\n\t\t\t\t\t\t\t\t\t<section class=\"elementor-section elementor-top-section elementor-element elementor-element-9574ddf elementor-section-boxed elementor-section-height-default elementor-section-height-default\" data-id=\"9574ddf\" data-element_type=\"section\">\n\t\t\t\t\t\t<div class=\"elementor-container elementor-column-gap-default\">\n\t\t\t\t\t<div class=\"elementor-column elementor-col-100 elementor-top-column elementor-element elementor-element-20b909f3\" data-id=\"20b909f3\" data-element_type=\"column\">\n\t\t\t<div class=\"elementor-widget-wrap elementor-element-populated\">\n\t\t\t\t\t\t\t\t<div class=\"elementor-element elementor-element-e8399ca elementor-widget elementor-widget-image\" data-id=\"e8399ca\" data-element_type=\"widget\" data-widget_type=\"image.default\">\n\t\t\t\t<div class=\"elementor-widget-container\">\n\t\t\t<style>\/*! elementor - v3.9.0 - 06-12-2022 *\/\n.elementor-widget-image{text-align:center}.elementor-widget-image a{display:inline-block}.elementor-widget-image a img[src$=\".svg\"]{width:48px}.elementor-widget-image img{vertical-align:middle;display:inline-block}<\/style>\t\t\t\t\t\t\t\t\t\t\t\t<img decoding=\"async\" src=\"https:\/\/dishcovery.biz\/wp-content\/uploads\/elementor\/thumbs\/dishcovery_logo_avocado_no_scritta-polsyk7ahyks2u90vqokhfr3u6tzoqp4080i27gtsg.jpg\" title=\"dishcovery_logo\" alt=\"dishcovery_logo\" \/>\t\t\t\t\t\t\t\t\t\t\t\t\t\t\t<\/div>\n\t\t\t\t<\/div>\n\t\t\t\t<div class=\"elementor-element elementor-element-0c81f2d elementor-widget elementor-widget-heading\" data-id=\"0c81f2d\" data-element_type=\"widget\" data-widget_type=\"heading.default\">\n\t\t\t\t<div class=\"elementor-widget-container\">\n\t\t\t<style>\/*! elementor - v3.9.0 - 06-12-2022 *\/\n.elementor-heading-title{padding:0;margin:0;line-height:1}.elementor-widget-heading .elementor-heading-title[class*=elementor-size-]>a{color:inherit;font-size:inherit;line-height:inherit}.elementor-widget-heading .elementor-heading-title.elementor-size-small{font-size:15px}.elementor-widget-heading .elementor-heading-title.elementor-size-medium{font-size:19px}.elementor-widget-heading .elementor-heading-title.elementor-size-large{font-size:29px}.elementor-widget-heading .elementor-heading-title.elementor-size-xl{font-size:39px}.elementor-widget-heading .elementor-heading-title.elementor-size-xxl{font-size:59px}<\/style><h1 class=\"elementor-heading-title elementor-size-default\">Faleminderit!<\/h1>\t\t<\/div>\n\t\t\t\t<\/div>\n\t\t\t\t<div class=\"elementor-element elementor-element-2ea1cf63 elementor-widget elementor-widget-text-editor\" data-id=\"2ea1cf63\" data-element_type=\"widget\" data-widget_type=\"text-editor.default\">\n\t\t\t\t<div class=\"elementor-widget-container\">\n\t\t\t<style>\/*! elementor - v3.9.0 - 06-12-2022 *\/\n.elementor-widget-text-editor.elementor-drop-cap-view-stacked .elementor-drop-cap{background-color:#818a91;color:#fff}.elementor-widget-text-editor.elementor-drop-cap-view-framed .elementor-drop-cap{color:#818a91;border:3px solid;background-color:transparent}.elementor-widget-text-editor:not(.elementor-drop-cap-view-default) .elementor-drop-cap{margin-top:8px}.elementor-widget-text-editor:not(.elementor-drop-cap-view-default) .elementor-drop-cap-letter{width:1em;height:1em}.elementor-widget-text-editor .elementor-drop-cap{float:left;text-align:center;line-height:1;font-size:50px}.elementor-widget-text-editor .elementor-drop-cap-letter{display:inline-block}<\/style>\t\t\t\tGati p\u00ebr t\u00eb nisur biznesin tuaj me Dishcovery?<br>\nS\u00eb shpejti do t\u00eb kontaktoheni nga nj\u00eb prej operator\u00ebve tan\u00eb i cili do t&#8217;ju jap\u00eb t\u00eb gjith\u00eb informacionin q\u00eb ju nevojitet.\t\t\t\t\t\t<\/div>\n\t\t\t\t<\/div>\n\t\t\t\t<div class=\"elementor-element elementor-element-735229f elementor-widget-mobile__width-inherit elementor-align-center elementor-tablet-align-center elementor-widget elementor-widget-button\" data-id=\"735229f\" data-element_type=\"widget\" data-widget_type=\"button.default\">\n\t\t\t\t<div class=\"elementor-widget-container\">\n\t\t\t\t\t<div class=\"elementor-button-wrapper\">\n\t\t\t<a href=\"https:\/\/dishcovery.biz\/sq\/\" class=\"elementor-button-link elementor-button elementor-size-md\" role=\"button\">\n\t\t\t\t\t\t<span class=\"elementor-button-content-wrapper\">\n\t\t\t\t\t\t<span class=\"elementor-button-text\">Kthehu n\u00eb faqen kryesore<\/span>\n\t\t<\/span>\n\t\t\t\t\t<\/a>\n\t\t<\/div>\n\t\t\t\t<\/div>\n\t\t\t\t<\/div>\n\t\t\t\t\t<\/div>\n\t\t<\/div>\n\t\t\t\t\t\t\t<\/div>\n\t\t<\/section>\n\t\t\t\t\t\t\t<\/div>\n\t\t","protected":false},"excerpt":{"rendered":"<p>Faleminderit! Gati p\u00ebr t\u00eb nisur biznesin tuaj me Dishcovery? S\u00eb shpejti do t\u00eb kontaktoheni nga nj\u00eb prej operator\u00ebve tan\u00eb i cili do t&#8217;ju jap\u00eb t\u00eb gjith\u00eb informacionin q\u00eb ju nevojitet. Kthehu n\u00eb faqen kryesore<\/p>\n","protected":false},"author":9,"featured_media":0,"parent":0,"menu_order":0,"comment_status":"closed","ping_status":"closed","template":"elementor_header_footer","meta":{"footnotes":""},"class_list":["post-5379","page","type-page","status-publish","hentry"],"_links":{"self":[{"href":"https:\/\/dishcovery.biz\/sq\/wp-json\/wp\/v2\/pages\/5379","targetHints":{"allow":["GET"]}}],"collection":[{"href":"https:\/\/dishcovery.biz\/sq\/wp-json\/wp\/v2\/pages"}],"about":[{"href":"https:\/\/dishcovery.biz\/sq\/wp-json\/wp\/v2\/types\/page"}],"author":[{"embeddable":true,"href":"https:\/\/dishcovery.biz\/sq\/wp-json\/wp\/v2\/users\/9"}],"replies":[{"embeddable":true,"href":"https:\/\/dishcovery.biz\/sq\/wp-json\/wp\/v2\/comments?post=5379"}],"version-history":[{"count":1,"href":"https:\/\/dishcovery.biz\/sq\/wp-json\/wp\/v2\/pages\/5379\/revisions"}],"predecessor-version":[{"id":5380,"href":"https:\/\/dishcovery.biz\/sq\/wp-json\/wp\/v2\/pages\/5379\/revisions\/5380"}],"wp:attachment":[{"href":"https:\/\/dishcovery.biz\/sq\/wp-json\/wp\/v2\/media?parent=5379"}],"curies":[{"name":"wp","href":"https:\/\/api.w.org\/{rel}","templated":true}]}}